{"id":5148,"date":"2025-12-17T08:49:07","date_gmt":"2025-12-17T08:49:07","guid":{"rendered":"https:\/\/coupdecoeur-cdc.com\/guides-numeriques\/"},"modified":"2026-04-05T16:37:09","modified_gmt":"2026-04-05T16:37:09","slug":"guides-accueil-numeriques","status":"publish","type":"page","link":"https:\/\/coupdecoeur-cdc.com\/fr\/guides-accueil-numeriques\/","title":{"rendered":"Guides num\u00e9riques"},"content":{"rendered":"\n<div id=\"Digitalguides\" class=\"wp-block-uagb-container hero-cover uagb-block-a8606d6e alignfull uagb-is-root-container\"><div class=\"uagb-container-inner-blocks-wrap\">\n<div class=\"wp-block-uagb-container uagb-block-7a82ee84\"><\/div>\n\n\n\n<figure class=\"wp-block-image size-full hero-cover__img\"><img loading=\"lazy\" decoding=\"async\" width=\"2560\" height=\"1440\" src=\"https:\/\/coupdecoeur-cdc.com\/wp-content\/uploads\/2025\/08\/Sunbeam-presentatie-gids-1-scaled.png\" alt=\"Interface du guide num&#xE9;rique affich&#xE9;e sur les t&#xE9;l&#xE9;phones portables pour les clients de l&#x2019;h&#xE9;bergement\" class=\"wp-image-3310\" title=\"Guides num\u00e9riques\" srcset=\"https:\/\/coupdecoeur-cdc.com\/wp-content\/uploads\/2025\/08\/Sunbeam-presentatie-gids-1-scaled.png 2560w, https:\/\/coupdecoeur-cdc.com\/wp-content\/uploads\/2025\/08\/Sunbeam-presentatie-gids-1-scaled-600x338.png 600w, https:\/\/coupdecoeur-cdc.com\/wp-content\/uploads\/2025\/08\/Sunbeam-presentatie-gids-1-300x169.png 300w, https:\/\/coupdecoeur-cdc.com\/wp-content\/uploads\/2025\/08\/Sunbeam-presentatie-gids-1-1024x576.png 1024w, https:\/\/coupdecoeur-cdc.com\/wp-content\/uploads\/2025\/08\/Sunbeam-presentatie-gids-1-768x432.png 768w, https:\/\/coupdecoeur-cdc.com\/wp-content\/uploads\/2025\/08\/Sunbeam-presentatie-gids-1-1536x864.png 1536w, https:\/\/coupdecoeur-cdc.com\/wp-content\/uploads\/2025\/08\/Sunbeam-presentatie-gids-1-2048x1152.png 2048w\" sizes=\"auto, (max-width: 2560px) 100vw, 2560px\" \/><\/figure>\n\n\n\n<div class=\"wp-block-uagb-info-box uagb-block-614c16d2 uagb-infobox__content-wrap  uagb-infobox-icon-above-title uagb-infobox-image-valign-top hero-cover__content\"><div class=\"uagb-ifb-content\"><div class=\"uagb-ifb-title-wrap\"><h1 class=\"uagb-ifb-title-prefix\"><br\/><br\/><br\/><br\/>Guides num\u00e9riques pour les h\u00e9bergements de vacances et de charme<\/h1><h5 class=\"uagb-ifb-title\">Des guides d\u2019accueil num\u00e9riques cl\u00e9s en main, con\u00e7us pour les chambres d\u2019h\u00f4tes, maisons de vacances et h\u00e9bergements \u00e0 taille humaine.<br\/>Clairs pour les voyageurs, pratiques pour les h\u00f4tes, et toujours align\u00e9s avec l\u2019exp\u00e9rience et l\u2019identit\u00e9 de votre lieu.<\/h5><\/div><p class=\"uagb-ifb-desc\">.<\/p><\/div><\/div>\n\n\n\n<!-- Free Demo Button \u2013 Gold Version (with UTM tracking) --><div style=\"text-align:center; margin:25px 0;\"><a href=\"https:\/\/calendly.com\/christel-coupdecoeur-cdc\/30min?utm_source=website&#038;utm_medium=button&#038;utm_campaign=free_demo\" class=\"cdc-btn-demo-gold\">Book your free demo\n  <\/a><\/div><style>.cdc-btn-demo-gold {\n    display:inline-block;\n    padding:14px 28px;\n    border-radius:999px;\n    background:#C88748;          \/* Coup de C\u0153ur Gold *\/\n    color:#FAF5E5;               \/* Light cream text *\/\n    font-family:\"Helvetica Neue\", Arial, sans-serif;\n    font-size:16px;\n    font-weight:600;\n    text-decoration:none;\n    letter-spacing:0.02em;\n    box-shadow:0 8px 18px rgba(200,135,72,0.35);\n    transition:all 0.25s ease-in-out;\n  }\n\n  .cdc-btn-demo-gold:hover {\n    background:#31195A;          \/* Purple hover *\/\n    color:#F8F4EF;\n    transform:translateY(-2px);\n    box-shadow:0 12px 26px rgba(49,25,90,0.35);\n  }\n<\/style>\n<\/div><\/div>\n\n<div class=\"wp-block-uagb-container uagb-block-bd2d5fad default uagb-is-root-container\"><\/div>\n\n<div class=\"wp-block-uagb-container uagb-block-ef848b27 alignfull uagb-is-root-container\"><div class=\"uagb-container-inner-blocks-wrap\">\n<p class=\"has-medium-font-size\" style=\"line-height:1.5\">Chez Coup de C\u0153ur, chaque guide num\u00e9rique est pens\u00e9 avec soin et enti\u00e8rement mis en place pour les h\u00e9bergements de vacances \u2014 chambres d\u2019h\u00f4tes, maisons de vacances, villas et autres lieux de s\u00e9jour de charme.<br\/>Qu\u2019il s\u2019agisse d\u2019un guide digital pour voyageurs ou d\u2019un livret d\u2019accueil num\u00e9rique, chaque contenu est clair, intuitif et con\u00e7u pour simplifier la gestion tout en respectant l\u2019atmosph\u00e8re unique de votre \u00e9tablissement.<\/p>\n<\/div><\/div>\n\n<div class=\"wp-block-uagb-container uagb-block-623d82d0 alignfull uagb-is-root-container\"><div class=\"uagb-container-inner-blocks-wrap\">\n<h2 class=\"wp-block-heading has-text-align-left\" style=\"margin-right:10px;margin-left:10px\">Qu\u2019est-ce qu\u2019un guide d\u2019accueil num\u00e9rique ?<\/h2>\n<\/div><\/div>\n\n<div class=\"wp-block-uagb-container uagb-block-95f80027 alignfull uagb-is-root-container\"><div class=\"uagb-container-inner-blocks-wrap\">\n<p class=\"has-medium-font-size\" style=\"line-height:1.5\">Un guide d\u2019accueil num\u00e9rique accompagne les voyageurs avant leur arriv\u00e9e, pendant leur s\u00e9jour et apr\u00e8s leur d\u00e9part. Il aide les h\u00f4tes \u00e0 communiquer clairement \u00e0 chaque \u00e9tape du parcours.<\/p>\n<\/div><\/div>\n\n<div class=\"wp-block-uagb-container uagb-block-d8ae26f0 alignfull uagb-is-root-container\"><div class=\"uagb-container-inner-blocks-wrap\">\n<div class=\"wp-block-uagb-container uagb-block-153d840e\">\n<p class=\"has-text-align-left has-ast-global-color-5-background-color has-background\">D\u00e9couvrez les avantages des guides num\u00e9riques pour les h\u00f4tes et les voyageurs<\/p>\n<\/div>\n<\/div><\/div>\n\n<div class=\"wp-block-uagb-container uagb-block-aa867caf alignfull uagb-is-root-container\"><div class=\"uagb-container-inner-blocks-wrap\">\n<h2 class=\"wp-block-heading\" style=\"margin-right:var(--wp--preset--spacing--50);margin-left:var(--wp--preset--spacing--50)\">Pour qui un guide d\u2019accueil num\u00e9rique est-il id\u00e9al ?<\/h2>\n\n\n\n<p class=\"has-medium-font-size\" style=\"line-height:1.5\">Ils sont particuli\u00e8rement utiles aux h\u00f4tes qui souhaitent allier des informations claires \u00e0 une exp\u00e9rience voyageur chaleureuse et personnalis\u00e9e.<br\/>Ils s\u2019adaptent facilement \u00e0 diff\u00e9rents types d\u2019h\u00e9bergements de vacances et \u00e0 tous les styles d\u2019accueil.<\/p>\n\n\n\n<div class=\"wp-block-uagb-container uagb-block-4491fe84\">\n<div class=\"wp-block-columns is-layout-flex wp-container-core-columns-is-layout-28f84493 wp-block-columns-is-layout-flex\">\n<div class=\"wp-block-column is-layout-flow wp-block-column-is-layout-flow\">      \n\t\t\t<div class=\"uagb-icon-wrapper uagb-block-f74aa60b      \"\n\t\t\tstyle=\"\" >\n\t\t\t\t\t\t\t\t\t<span class=\"uagb-svg-wrapper\" \n\t\t\t\t\t aria-label=\"house-chimney\"\t\t\t\t\ttabindex=\"0\">\t\t\n\t\t\t\t\t\t\t\t\t\t<svg xmlns=\"https:\/\/www.w3.org\/2000\/svg\" viewBox= \"0 0 576 512\" role=\"graphics-symbol\" aria-hidden=\"false\" aria-label=\"\"><path d=\"M511.8 287.6L512.5 447.7C512.5 450.5 512.3 453.1 512 455.8V472C512 494.1 494.1 512 472 512H456C454.9 512 453.8 511.1 452.7 511.9C451.3 511.1 449.9 512 448.5 512H392C369.9 512 352 494.1 352 472V384C352 366.3 337.7 352 320 352H256C238.3 352 224 366.3 224 384V472C224 494.1 206.1 512 184 512H128.1C126.6 512 125.1 511.9 123.6 511.8C122.4 511.9 121.2 512 120 512H104C81.91 512 64 494.1 64 472V360C64 359.1 64.03 358.1 64.09 357.2V287.6H32.05C14.02 287.6 0 273.5 0 255.5C0 246.5 3.004 238.5 10.01 231.5L266.4 8.016C273.4 1.002 281.4 0 288.4 0C295.4 0 303.4 2.004 309.5 7.014L416 100.7V64C416 46.33 430.3 32 448 32H480C497.7 32 512 46.33 512 64V185L564.8 231.5C572.8 238.5 576.9 246.5 575.8 255.5C575.8 273.5 560.8 287.6 543.8 287.6L511.8 287.6z\"><\/path><\/svg>\n\t\t\t\t\t\t\t\t\t<\/span>\n\t\t\t\t\t\t\t<\/div>\n\t\t\t\n\n\n<div class=\"wp-block-uagb-advanced-heading uagb-block-05585073\"><h3 class=\"uagb-heading-text\">Chambres d\u2019h\u00f4tes, maison d&rsquo;h\u00f4tes<\/h3><\/div>\n\n\n\n<p class=\"has-medium-font-size\" style=\"line-height:1.5\">Id\u00e9al pour les h\u00f4tes qui privil\u00e9gient un accueil personnel, tout en souhaitant transmettre des informations claires et structur\u00e9es sans devoir se r\u00e9p\u00e9ter.<\/p>\n<\/div>\n\n\n\n<div class=\"wp-block-column is-layout-flow wp-block-column-is-layout-flow\">      \n\t\t\t<div class=\"uagb-icon-wrapper uagb-block-9c21b200      \"\n\t\t\tstyle=\"\" >\n\t\t\t\t\t\t\t\t\t<span class=\"uagb-svg-wrapper\" \n\t\t\t\t\t aria-label=\"key\"\t\t\t\t\ttabindex=\"0\">\t\t\n\t\t\t\t\t\t\t\t\t\t<svg xmlns=\"https:\/\/www.w3.org\/2000\/svg\" viewBox= \"0 0 512 512\" role=\"graphics-symbol\" aria-hidden=\"false\" aria-label=\"\"><path d=\"M282.3 343.7L248.1 376.1C244.5 381.5 238.4 384 232 384H192V424C192 437.3 181.3 448 168 448H128V488C128 501.3 117.3 512 104 512H24C10.75 512 0 501.3 0 488V408C0 401.6 2.529 395.5 7.029 391L168.3 229.7C162.9 212.8 160 194.7 160 176C160 78.8 238.8 0 336 0C433.2 0 512 78.8 512 176C512 273.2 433.2 352 336 352C317.3 352 299.2 349.1 282.3 343.7zM376 176C398.1 176 416 158.1 416 136C416 113.9 398.1 96 376 96C353.9 96 336 113.9 336 136C336 158.1 353.9 176 376 176z\"><\/path><\/svg>\n\t\t\t\t\t\t\t\t\t<\/span>\n\t\t\t\t\t\t\t<\/div>\n\t\t\t\n\n\n<h3 class=\"wp-block-heading\">G\u00eetes, maisons de vacances et villas<\/h3>\n\n\n\n<p class=\"has-medium-font-size\" style=\"line-height:1.5\">Parfait pour le self check-in, des instructions pratiques et un accompagnement autonome des voyageurs tout au long de leur s\u00e9jour.<\/p>\n<\/div>\n<\/div>\n<\/div>\n\n\n\n<div class=\"wp-block-columns is-layout-flex wp-container-core-columns-is-layout-28f84493 wp-block-columns-is-layout-flex\">\n<div class=\"wp-block-column is-layout-flow wp-block-column-is-layout-flow\">      \n\t\t\t<div class=\"uagb-icon-wrapper uagb-block-183ef5f7      \"\n\t\t\tstyle=\"\" >\n\t\t\t\t\t\t\t\t\t<span class=\"uagb-svg-wrapper\" \n\t\t\t\t\t aria-label=\"star\"\t\t\t\t\ttabindex=\"0\">\t\t\n\t\t\t\t\t\t\t\t\t\t<svg xmlns=\"https:\/\/www.w3.org\/2000\/svg\" viewBox= \"0 0 576 512\" role=\"graphics-symbol\" aria-hidden=\"false\" aria-label=\"\"><path d=\"M381.2 150.3L524.9 171.5C536.8 173.2 546.8 181.6 550.6 193.1C554.4 204.7 551.3 217.3 542.7 225.9L438.5 328.1L463.1 474.7C465.1 486.7 460.2 498.9 450.2 506C440.3 513.1 427.2 514 416.5 508.3L288.1 439.8L159.8 508.3C149 514 135.9 513.1 126 506C116.1 498.9 111.1 486.7 113.2 474.7L137.8 328.1L33.58 225.9C24.97 217.3 21.91 204.7 25.69 193.1C29.46 181.6 39.43 173.2 51.42 171.5L195 150.3L259.4 17.97C264.7 6.954 275.9-.0391 288.1-.0391C300.4-.0391 311.6 6.954 316.9 17.97L381.2 150.3z\"><\/path><\/svg>\n\t\t\t\t\t\t\t\t\t<\/span>\n\t\t\t\t\t\t\t<\/div>\n\t\t\t\n\n\n<div class=\"wp-block-uagb-advanced-heading uagb-block-f8f60a51\"><h3 class=\"uagb-heading-text\">H\u00e9bergements \u00e0 taille humaine<\/h3><\/div>\n\n\n\n<p class=\"has-medium-font-size\" style=\"line-height:1.5\">Pens\u00e9 pour les lieux qui valorisent l\u2019atmosph\u00e8re, la qualit\u00e9 et un parcours voyageur soign\u00e9, loin du tourisme de masse.<\/p>\n<\/div>\n\n\n\n<div class=\"wp-block-column is-layout-flow wp-block-column-is-layout-flow\">      \n\t\t\t<div class=\"uagb-icon-wrapper uagb-block-5090f897      \"\n\t\t\tstyle=\"\" >\n\t\t\t\t\t\t\t\t\t<span class=\"uagb-svg-wrapper\" \n\t\t\t\t\t aria-label=\"heart\"\t\t\t\t\ttabindex=\"0\">\t\t\n\t\t\t\t\t\t\t\t\t\t<svg xmlns=\"https:\/\/www.w3.org\/2000\/svg\" viewBox= \"0 0 512 512\" role=\"graphics-symbol\" aria-hidden=\"false\" aria-label=\"\"><path d=\"M0 190.9V185.1C0 115.2 50.52 55.58 119.4 44.1C164.1 36.51 211.4 51.37 244 84.02L256 96L267.1 84.02C300.6 51.37 347 36.51 392.6 44.1C461.5 55.58 512 115.2 512 185.1V190.9C512 232.4 494.8 272.1 464.4 300.4L283.7 469.1C276.2 476.1 266.3 480 256 480C245.7 480 235.8 476.1 228.3 469.1L47.59 300.4C17.23 272.1 .0003 232.4 .0003 190.9L0 190.9z\"><\/path><\/svg>\n\t\t\t\t\t\t\t\t\t<\/span>\n\t\t\t\t\t\t\t<\/div>\n\t\t\t\n\n\n<h3 class=\"wp-block-heading\">H\u00f4tes attentifs \u00e0 l\u2019exp\u00e9rience voyageur<\/h3>\n\n\n\n<p class=\"has-medium-font-size\" style=\"line-height:1.5\">Si vous souhaitez que vos voyageurs se sentent pr\u00e9par\u00e9s, en confiance et v\u00e9ritablement pris en charge, un guide d\u2019accueil num\u00e9rique soutient naturellement votre mani\u00e8re d\u2019accueillir.<\/p>\n<\/div>\n<\/div>\n\n\n\n<p class=\"has-ast-global-color-5-background-color has-background\">Comment les guides num\u00e9riques sont con\u00e7us et mis en \u0153uvre<\/p>\n<\/div><\/div>\n\n<div class=\"wp-block-uagb-container uagb-block-c512adb6 alignfull uagb-is-root-container\"><div class=\"uagb-container-inner-blocks-wrap\">\n<h2 class=\"wp-block-heading\">L\u2019approche Coup de C\u0153ur<\/h2>\n\n\n\n<p class=\"has-medium-font-size\" style=\"line-height:1.5\">Un guide d\u2019accueil num\u00e9rique ne se limite pas au simple partage d\u2019informations.<br\/>Il s\u2019agit d\u2019accompagner les voyageurs d\u2019une mani\u00e8re naturelle, personnelle et en harmonie avec l\u2019\u00e2me de votre lieu.<\/p>\n\n\n\n<p class=\"has-medium-font-size\" style=\"line-height:1.5\">Chez Coup de C\u0153ur, l\u2019accent n\u2019est pas mis sur la technologie, mais sur l\u2019exp\u00e9rience voyageur \u2014 soutenue par une structure claire, un design r\u00e9fl\u00e9chi et une mise en place concr\u00e8te.<\/p>\n\n\n\n<div class=\"wp-block-uagb-container uagb-block-28615672\">\n<div class=\"wp-block-columns is-layout-flex wp-container-core-columns-is-layout-28f84493 wp-block-columns-is-layout-flex\">\n<div class=\"wp-block-column is-layout-flow wp-block-column-is-layout-flow\">\n<h3 class=\"wp-block-heading has-medium-font-size\">Structur\u00e9, r\u00e9fl\u00e9chi et centr\u00e9 sur le voyageur<\/h3>\n\n\n\n<p class=\"has-small-font-size\" style=\"line-height:1.5\">Chaque guide d\u2019accueil num\u00e9rique est soigneusement structur\u00e9 afin que les voyageurs trouvent intuitivement l\u2019information dont ils ont besoin, sans surcharge.<br\/>Tout est pens\u00e9 du point de vue du voyageur.<\/p>\n<\/div>\n\n\n\n<div class=\"wp-block-column is-layout-flow wp-block-column-is-layout-flow\">\n<h3 class=\"wp-block-heading has-medium-font-size\">Pratique avant tout, jamais technique<\/h3>\n\n\n\n<p class=\"has-small-font-size\" style=\"line-height:1.5\">Vous n\u2019avez pas \u00e0 vous soucier des outils, des r\u00e9glages ou des plateformes.<br\/>La complexit\u00e9 est transform\u00e9e en contenus clairs et pratiques, qui fonctionnent naturellement pour les h\u00f4tes comme pour les voyageurs.<\/p>\n<\/div>\n\n\n\n<div class=\"wp-block-column is-layout-flow wp-block-column-is-layout-flow\">\n<h3 class=\"wp-block-heading has-medium-font-size\">Enti\u00e8rement con\u00e7u et mis en place pour vous<\/h3>\n\n\n\n<p class=\"has-small-font-size\" style=\"line-height:1.5\">Du cadrage des contenus \u00e0 la structure, du design \u00e0 la mise en place, votre guide d\u2019accueil num\u00e9rique est livr\u00e9 pr\u00eat \u00e0 l\u2019emploi \u2014 simple \u00e0 g\u00e9rer et facile \u00e0 faire \u00e9voluer dans le temps.<\/p>\n<\/div>\n<\/div>\n<\/div>\n\n\n\n<div class=\"wp-block-uagb-container uagb-block-7232a3d7\">\n<p class=\"has-ast-global-color-5-background-color has-background\">Explorez la Collection Coup de C\u0153ur de guides num\u00e9riques<\/p>\n<\/div>\n<\/div><\/div>\n\n<div class=\"wp-block-uagb-container uagb-block-f7051110 alignfull uagb-is-root-container\"><div class=\"uagb-container-inner-blocks-wrap\">\n<h2 class=\"wp-block-heading\" style=\"margin-right:var(--wp--preset--spacing--50);margin-left:var(--wp--preset--spacing--50)\">Explorez les possibilit\u00e9s<\/h2>\n\n\n\n<p class=\"has-medium-font-size\" style=\"line-height:1.5\">Chaque guide d\u2019accueil num\u00e9rique repose sur la m\u00eame base : des informations claires, une structure r\u00e9fl\u00e9chie et une exp\u00e9rience voyageur fluide.<br\/>\u00c0 partir de l\u00e0, vous choisissez jusqu\u2019o\u00f9 vous souhaitez aller \u2014 en fonction de votre h\u00e9bergement, de vos voyageurs et de votre mani\u00e8re d\u2019accueillir.<\/p>\n\n\n\n<p class=\"has-medium-font-size\" style=\"line-height:1.5\">D\u00e9couvrez les diff\u00e9rentes mani\u00e8res dont un guide d\u2019accueil num\u00e9rique peut \u00eatre con\u00e7u, enrichi et adapt\u00e9 \u00e0 vos besoins.<\/p>\n\n\n\n<div class=\"wp-block-uagb-container uagb-block-b5b0a694\">\n<div class=\"wp-block-columns is-layout-flex wp-container-core-columns-is-layout-28f84493 wp-block-columns-is-layout-flex\">\n<div class=\"wp-block-column is-layout-flow wp-block-column-is-layout-flow\">\n<h3 class=\"wp-block-heading has-medium-font-size\" style=\"margin-top:var(--wp--preset--spacing--40);margin-bottom:var(--wp--preset--spacing--40)\">Conception et mise en place <\/h3>\n\n\n\n<p style=\"line-height:1.5\">Design professionnel et mise en place compl\u00e8te de votre guide d\u2019accueil num\u00e9rique \u2014 de la structure et du contenu \u00e0 un r\u00e9sultat pr\u00eat \u00e0 l\u2019emploi.<\/p>\n\n\n\n<p class=\"has-ast-global-color-5-background-color has-background\">D\u00e9couvrez comment les guides num\u00e9riques sont con\u00e7us et mis en \u0153uvre<\/p>\n<\/div>\n\n\n\n<div class=\"wp-block-column is-layout-flow wp-block-column-is-layout-flow\">\n<h3 class=\"wp-block-heading has-medium-font-size\" style=\"margin-top:var(--wp--preset--spacing--40);margin-bottom:var(--wp--preset--spacing--40)\">Avantages des guides d\u2019accueil num\u00e9riques<\/h3>\n\n\n\n<p style=\"line-height:1.5\">D\u00e9couvrez comment un guide d\u2019accueil num\u00e9rique r\u00e9duit les questions r\u00e9p\u00e9titives, fait gagner du temps et favorise une exp\u00e9rience voyageur plus fluide.<\/p>\n\n\n\n<p class=\"has-ast-global-color-5-background-color has-background\">D\u00e9couvrez les avantages des guides num\u00e9riques<\/p>\n<\/div>\n\n\n\n<div class=\"wp-block-column is-layout-flow wp-block-column-is-layout-flow\">\n<h3 class=\"wp-block-heading has-medium-font-size\" style=\"margin-top:var(--wp--preset--spacing--40);margin-bottom:var(--wp--preset--spacing--40)\">La collection Coup de C\u0153ur <\/h3>\n\n\n\n<p style=\"line-height:1.5\">Trois niveaux de guides d\u2019accueil num\u00e9riques, soigneusement con\u00e7us et adapt\u00e9s \u00e0 vos besoins comme \u00e0 votre budget.<\/p>\n\n\n\n<p class=\"has-ast-global-color-5-background-color has-background\">D\u00e9couvrez la collection Coup de C\u0153ur<\/p>\n<\/div>\n<\/div>\n<\/div>\n\n\n\n<div class=\"wp-block-uagb-container uagb-block-8cbc6e9d\">\n<div class=\"wp-block-columns is-layout-flex wp-container-core-columns-is-layout-28f84493 wp-block-columns-is-layout-flex\">\n<div class=\"wp-block-column is-layout-flow wp-block-column-is-layout-flow\">\n<h3 class=\"wp-block-heading has-medium-font-size\" style=\"margin-top:var(--wp--preset--spacing--40);margin-bottom:var(--wp--preset--spacing--40)\">Services et fonctionnalit\u00e9s compl\u00e9mentaires<\/h3>\n\n\n\n<p style=\"line-height:1.5\">Langues suppl\u00e9mentaires, automatisation, formulaires pour les voyageurs et optimisation continue viennent enrichir votre guide d\u2019accueil num\u00e9rique au fil du temps.<\/p>\n\n\n\n<p class=\"has-ast-global-color-5-background-color has-background\">Voir les services et fonctionnalit\u00e9s optionnels<\/p>\n<\/div>\n\n\n\n<div class=\"wp-block-column is-layout-flow wp-block-column-is-layout-flow\">\n<h3 class=\"wp-block-heading has-medium-font-size\" style=\"margin-top:var(--wp--preset--spacing--40);margin-bottom:var(--wp--preset--spacing--40)\">Guides num\u00e9riques personnalis\u00e9s<\/h3>\n\n\n\n<p style=\"line-height:1.5\">Des guides num\u00e9riques personnalis\u00e9s, con\u00e7us pour des mariages, des \u00e9v\u00e9nements ou d\u2019autres usages sp\u00e9cifiques, au-del\u00e0 des h\u00e9bergements de vacances.<\/p>\n\n\n\n<p class=\"has-ast-global-color-5-background-color has-background\">D\u00e9couvrez les guides personnalis\u00e9s num\u00e9riques<\/p>\n<\/div>\n<\/div>\n<\/div>\n<\/div><\/div>\n\n<div class=\"wp-block-uagb-container uagb-block-e7d26ce7 default uagb-is-root-container\">\n<h2 class=\"wp-block-heading has-text-align-center\">Vous ne savez pas par o\u00f9 commencer ?<\/h2>\n\n\n\n<p class=\"has-text-align-center has-medium-font-size\" style=\"line-height:1.5\">Chaque h\u00e9bergement est unique \u2014 tout comme vos voyageurs, votre mani\u00e8re d\u2019accueillir et vos attentes.<br\/>C\u2019est pourquoi un guide d\u2019accueil num\u00e9rique n\u2019est jamais une solution standard.<\/p>\n\n\n\n<p class=\"has-text-align-center has-medium-font-size\" style=\"line-height:1.5\">Si vous h\u00e9sitez sur la configuration la plus adapt\u00e9e \u00e0 votre lieu, je vous accompagne volontiers pour explorer les possibilit\u00e9s et d\u00e9finir un point de d\u00e9part clair et serein.<\/p>\n\n\n\n<div class=\"wp-block-uagb-buttons uagb-buttons__outer-wrap uagb-btn__default-btn uagb-btn-tablet__default-btn uagb-btn-mobile__default-btn uagb-block-b32f4eb5\"><div class=\"uagb-buttons__wrap uagb-buttons-layout-wrap \">\n<div class=\"wp-block-uagb-buttons-child uagb-buttons__outer-wrap uagb-block-6d4a3646 wp-block-button\"><div class=\"uagb-button__wrapper\"><a class=\"uagb-buttons-repeater wp-block-button__link\" aria-label=\"\" href=\"https:\/\/coupdecoeur-cdc.com\/fr\/contact\/\" rel=\"follow noopener\" target=\"_self\" role=\"button\"><div class=\"uagb-button__link\">Contactez-nous<\/div><\/a><\/div><\/div>\n<\/div><\/div>\n<\/div>\n\n<p><\/p>\n","protected":false},"excerpt":{"rendered":"<p>Book your free demo Chez Coup de C\u0153ur, chaque guide num\u00e9rique est pens\u00e9 avec soin et enti\u00e8rement mis en place pour les h\u00e9bergements de vacances \u2014 chambres d\u2019h\u00f4tes, maisons de vacances, villas et autres lieux de s\u00e9jour de charme.Qu\u2019il s\u2019agisse d\u2019un guide digital pour voyageurs ou d\u2019un livret d\u2019accueil num\u00e9rique, chaque contenu est clair, intuitif [&hellip;]<\/p>\n","protected":false},"author":1,"featured_media":0,"parent":0,"menu_order":0,"comment_status":"closed","ping_status":"closed","template":"","meta":{"_uag_custom_page_level_css":"","site-sidebar-layout":"no-sidebar","site-content-layout":"page-builder","ast-site-content-layout":"full-width-container","site-content-style":"unboxed","site-sidebar-style":"unboxed","ast-global-header-display":"","ast-banner-title-visibility":"","ast-main-header-display":"","ast-hfb-above-header-display":"","ast-hfb-below-header-display":"","ast-hfb-mobile-header-display":"","site-post-title":"disabled","ast-breadcrumbs-content":"","ast-featured-img":"disabled","footer-sml-layout":"","theme-transparent-header-meta":"enabled","adv-header-id-meta":"","stick-header-meta":"","header-above-stick-meta":"","header-main-stick-meta":"","header-below-stick-meta":"","astra-migrate-meta-layouts":"set","ast-page-background-enabled":"default","ast-page-background-meta":{"desktop":{"background-color":"","background-image":"","background-repeat":"repeat","background-position":"center center","background-size":"auto","background-attachment":"scroll","background-type":"","background-media":"","overlay-type":"","overlay-color":"","overlay-opacity":"","overlay-gradient":""},"tablet":{"background-color":"","background-image":"","background-repeat":"repeat","background-position":"center center","background-size":"auto","background-attachment":"scroll","background-type":"","background-media":"","overlay-type":"","overlay-color":"","overlay-opacity":"","overlay-gradient":""},"mobile":{"background-color":"","background-image":"","background-repeat":"repeat","background-position":"center center","background-size":"auto","background-attachment":"scroll","background-type":"","background-media":"","overlay-type":"","overlay-color":"","overlay-opacity":"","overlay-gradient":""}},"ast-content-background-meta":{"desktop":{"background-color":"var(--ast-global-color-5)","background-image":"","background-repeat":"repeat","background-position":"center center","background-size":"auto","background-attachment":"scroll","background-type":"","background-media":"","overlay-type":"","overlay-color":"","overlay-opacity":"","overlay-gradient":""},"tablet":{"background-color":"var(--ast-global-color-5)","background-image":"","background-repeat":"repeat","background-position":"center center","background-size":"auto","background-attachment":"scroll","background-type":"","background-media":"","overlay-type":"","overlay-color":"","overlay-opacity":"","overlay-gradient":""},"mobile":{"background-color":"var(--ast-global-color-5)","background-image":"","background-repeat":"repeat","background-position":"center center","background-size":"auto","background-attachment":"scroll","background-type":"","background-media":"","overlay-type":"","overlay-color":"","overlay-opacity":"","overlay-gradient":""}},"footnotes":""},"class_list":["post-5148","page","type-page","status-publish","hentry"],"_hostinger_reach_plugin_has_subscription_block":false,"_hostinger_reach_plugin_is_elementor":false,"uagb_featured_image_src":{"full":false,"thumbnail":false,"medium":false,"medium_large":false,"large":false,"1536x1536":false,"2048x2048":false,"mailpoet_newsletter_max":false,"woocommerce_thumbnail":false,"woocommerce_single":false,"woocommerce_gallery_thumbnail":false},"uagb_author_info":{"display_name":"cdecock01@gmail.com","author_link":"https:\/\/coupdecoeur-cdc.com\/fr\/author\/cdecock01gmail-com\/"},"uagb_comment_info":0,"uagb_excerpt":"Book your free demo Chez Coup de C\u0153ur, chaque guide num\u00e9rique est pens\u00e9 avec soin et enti\u00e8rement mis en place pour les h\u00e9bergements de vacances \u2014 chambres d\u2019h\u00f4tes, maisons de vacances, villas et autres lieux de s\u00e9jour de charme.Qu\u2019il s\u2019agisse d\u2019un guide digital pour voyageurs ou d\u2019un livret d\u2019accueil num\u00e9rique, chaque contenu est clair, intuitif\u2026","jetpack_sharing_enabled":true,"_links":{"self":[{"href":"https:\/\/coupdecoeur-cdc.com\/fr\/wp-json\/wp\/v2\/pages\/5148","targetHints":{"allow":["GET"]}}],"collection":[{"href":"https:\/\/coupdecoeur-cdc.com\/fr\/wp-json\/wp\/v2\/pages"}],"about":[{"href":"https:\/\/coupdecoeur-cdc.com\/fr\/wp-json\/wp\/v2\/types\/page"}],"author":[{"embeddable":true,"href":"https:\/\/coupdecoeur-cdc.com\/fr\/wp-json\/wp\/v2\/users\/1"}],"replies":[{"embeddable":true,"href":"https:\/\/coupdecoeur-cdc.com\/fr\/wp-json\/wp\/v2\/comments?post=5148"}],"version-history":[{"count":21,"href":"https:\/\/coupdecoeur-cdc.com\/fr\/wp-json\/wp\/v2\/pages\/5148\/revisions"}],"predecessor-version":[{"id":5720,"href":"https:\/\/coupdecoeur-cdc.com\/fr\/wp-json\/wp\/v2\/pages\/5148\/revisions\/5720"}],"wp:attachment":[{"href":"https:\/\/coupdecoeur-cdc.com\/fr\/wp-json\/wp\/v2\/media?parent=5148"}],"curies":[{"name":"wp","href":"https:\/\/api.w.org\/{rel}","templated":true}]}}